{"id":975,"date":"2022-12-08T00:27:46","date_gmt":"2022-12-08T00:27:46","guid":{"rendered":"https:\/\/auroradesio.it\/?page_id=975"},"modified":"2023-07-05T10:13:42","modified_gmt":"2023-07-05T10:13:42","slug":"storia-2","status":"publish","type":"page","link":"https:\/\/auroradesio.it\/?page_id=975","title":{"rendered":"STORIA"},"content":{"rendered":"\n<h3 class=\"wp-block-heading\">Dalla nascita ai nostri giorni<\/h3>\n\n\n\n<p><strong>U.S. Pallacanestro Aurora Desio \u201994<\/strong>&nbsp;nasce il 29 Giugno 1994, pochi giorni dopo la scomparsa della vecchia e gloriosa A.S. Aurora Basket Desio; dopo una stagione, la 1994\/95, esclusivamente dedicata all\u2019attivit\u00e0 giovanile e costellata da parecchie soddisfazioni, la fusione con l\u2019Orobica Basket Bergamo&nbsp;consente alla societ\u00e0 desiana di tornare a disputare il campionato di serie B2 nell\u2019annata 1995\/96. L\u2019anno successivo, grazie all\u2019acquisizione dei diritti della Juve Cremona, l\u2019Aurora partecipa al campionato di B1 sfiorando al primo tentativo la promozione in serie A2.<\/p>\n\n\n\n<p>Nell\u2019estate del \u201998 un altro dietro-front, con la scelta di non iscriversi pi\u00f9 alla B1 e ripartire dal campionato&nbsp;di Promozione in cui poter far giocare i giovani di propriet\u00e0. La scalata verso i campionati nazionali \u00e8 repentina e in sole 3 stagioni l\u2019Aurora conquista la serie C1: nella&nbsp;primavera del 1999 alle finali tenutesi alla palestra milanese del Leone XIII la squadra desiana centra la&nbsp;<strong>serie D<\/strong>; anche l\u2019anno dopo il copione si ripete: niente playoff&nbsp;ma promozione diretta in&nbsp;<strong>serie C2<\/strong>. Nel 2000\/01, dopo aver chiuso la stagione regolare in seconda posizione, i desiani ottengono il pass per la&nbsp;<strong>Serie C1<\/strong>&nbsp;conquistando la piazza d\u2019onore alle Final-Six di Cassano d\u2019Adda.<\/p>\n\n\n\n<p>In serie C1 (successivamente ribattezzata Serie C Dilettanti e quindi Divisione Nazionale C) trascorreremo tredici stagioni, raggiungendo per&nbsp;<strong>undici<\/strong>&nbsp;volte i&nbsp;<strong>playoff<\/strong>, per&nbsp;<strong>cinque<\/strong>&nbsp;volte le&nbsp;<strong>semifinali<\/strong>&nbsp;e nelle stagioni 2009\/10 e 2013\/14 la&nbsp;<strong>finale promozione<\/strong>.<\/p>\n\n\n\n<p>Nell\u2019estate 2014 viene accolta la richiesta di ripescaggio in Serie B, che permette all\u2019Aurora di tornare nella\u00a0<strong>terza serie nazionale<\/strong>\u00a0a distanza di 16 anni dall\u2019ultima apparizione. L\u2019esperienza in serie cadetta dura 5 anni col miglior risultato dei\u00a0<strong>playoff<\/strong>\u00a0promozione conquistati nella stagione 2017\/18. Nella stagione successiva l\u2019Aurora retrocede in Serie C Gold, ma dopo sole due stagioni nel giugno del 2021<strong>\u00a0torna in serie B<\/strong>, grazie alla vittoria nella finale playoff contro College Borgomanero. Nella stagione successiva, da neopromossa, la\u00a0<strong>Rimadesio<\/strong>\u00a0chiude al 7\u00b0 posto la stagione regolare nel girone B di serie B, qualificandosi ai play off dove viene sconfitta per 3-1 al primo turno da Vigevano. Nell&#8217;annata 2022\/23 l&#8217;Aurora guidata da <strong>Edoardo Gallazzi<\/strong> chiude al 4\u00b0 posto la stagione regolare, <strong>classificandosi <\/strong>cos\u00ec per la nuova<strong> Serie B Nazionale<\/strong> nata dalla riforma dei campionati. I bluarancio verranno sconfitti solamente a Gara 5 della <strong>semifinale play off <\/strong>per la Serie A2 dalla Libertas Livorno.<\/p>\n\n\n\n<p>\u00c8 il settore giovanile il cuore pulsante di Pallacanestro Aurora: sono&nbsp;<strong>VENTISEI<\/strong>&nbsp;le&nbsp;<strong>FINALI NAZIONALI<\/strong>&nbsp;e&nbsp;<strong>OTTO<\/strong>&nbsp;i&nbsp;<strong>TITOLI REGIONALI<\/strong>&nbsp;conquistati dal 1995 a oggi: si va dalle&nbsp;<strong>Finali Juniores<\/strong>&nbsp;di Reggio Calabria nel 2000 ai quarti di finale con gli&nbsp;<strong>Under 20&nbsp;<\/strong>di Pippo Arosio nel 2004, passando dal terzo posto dei&nbsp;<strong>Cadetti<\/strong>&nbsp;di Massimo Bisin nel 2005 fino ai titoli di&nbsp;<strong>vice-campioni d\u2019Italia Under<\/strong>&nbsp;<strong>16<\/strong>&nbsp;nel 2006 col gruppo \u201990-\u201991&nbsp;e nel 2007 coi \u201991-\u201992 allenati da Enrico Rocco. Nel 2008 e nel 2009 sono addirittura due le Finali Nazionali conquistate: gli&nbsp;<strong>Under 15<\/strong>&nbsp;allenati da Massimo Bisin raggiungono la Finale Scudetto contro Montepaschi Siena, mentre gli&nbsp;<strong>Under 17<\/strong>&nbsp;si confermano fra le prime otto formazioni d\u2019Italia. Ma non finisce qui, perch\u00e9 gli&nbsp;<strong>Under 14<\/strong>&nbsp;di coach Castoldi diventano&nbsp;<strong>Campioni&nbsp;Regionali<\/strong>&nbsp;di categoria superando in finale l\u2019Olimpia Milano, mentre gli&nbsp;<strong>Under 19<\/strong>&nbsp;fanno loro il&nbsp;<strong>Titolo Italiano Gruppo B<\/strong>&nbsp;alle final-four di Venezia, vincendo la finalissima contro Ostia. Nel 2009 sono gli&nbsp;<strong>Under 15&nbsp;<\/strong>di Federico Castoldi a conquistare le Finale scudetto di categoria contro&nbsp;l\u2019invincibile Virtus Siena, mentre il gruppo \u201990-\u201991 si conferma fra le migliori otto formazioni italiane. Anche il 2010 \u00e8 un anno denso di soddisfazioni: gli&nbsp;<strong>Under 15<\/strong>&nbsp;di Enrico Rocco chiudono al quarto posto le Finali Nazionali di Bormio, gli&nbsp;<strong>Under 19<\/strong>&nbsp;allenati da Davide Villa si laureano&nbsp;<strong>Campioni Regionali<\/strong>&nbsp;e centrano le Finali Nazionali di categoria, mentre il gruppo \u201993-\u201994 di Chicco Castoldi vince il&nbsp;<strong>Titolo Regionale Under 19<\/strong>. Nel 2011 sono ancora 2 le formazioni aurorine a raggiungere le finali Nazionali: gli&nbsp;<strong>Under 17<\/strong>&nbsp;allenati da Davide Villa sono fra le migliori otto formazioni d\u2019Italia alle finali di Bologna come gli&nbsp;<strong>Under 15<\/strong>&nbsp;di Francesco Illiano impegnati a Caserta. Nel 2012 gli&nbsp;<strong>Under 15<\/strong>&nbsp;allenati da Gabriele Ghirelli raggiungono i quarti di finale alle Finali Nazionali che Aurora Desio organizza nella cornice della Palestra Aldo Moro e del PalaDesio e che vedono Reyer Venezia laurearsi campione d\u2019Italia. Nel 2013 \u00e8 invece il gruppo&nbsp;<strong>\u201994-\u201995<\/strong>&nbsp;di Davide Villa a conquistare le Finali Nazionali&nbsp;<strong>Under 19<\/strong>&nbsp;giocate a Udine. Nel 2014 sono due le Finali Nazionali raggiunte dall\u2019Aurora: gli&nbsp;<strong>Under 17<\/strong>&nbsp;accedono alle finali di Porto Sant\u2019Elpidio mentre a Padova gli&nbsp;<strong>Under 15<\/strong>&nbsp;sono fra le prime 8 formazioni d\u2019Italia. Anche nel 2015 Aurora qualifica due formazioni alle Finali Nazionali: gli&nbsp;<strong>Under 17<\/strong>&nbsp;allenati da Davide Villa conquistano le finali di Treviso, mentre gli&nbsp;<strong>Under 15<\/strong>&nbsp;di Gabriele Ghirelli sono quarti in Italia al termine delle Finali che Aurora ospita a Desio per la seconda volta in 3 anni. Nel 2016 sono ancora due le Finali Nazionali raggiunte: gli&nbsp;<strong>Under 18<\/strong>&nbsp;accedono alle finali di Pordenone mentre a Caorle gli&nbsp;<strong>Under 16<\/strong>, dopo il&nbsp;<strong>Titolo Regionale<\/strong>, sono fra le prime 8 formazioni d\u2019Italia. Nel 2017&nbsp;gli&nbsp;<strong>Under 20<\/strong>&nbsp;conquistano il&nbsp;<strong>Titolo Regionale<\/strong>&nbsp;e sono fra le prime 8 formazioni d\u2019Italia alle Finali Nazionali di Roseto degli Abruzzi. Nel 2019 gli&nbsp;<strong>Under 14&nbsp;<\/strong>sono secondi in Italia, sconfitti solo da Oxygen Bassano nella Finale Scudetto.<\/p>\n\n\n\n<p>\u2013&nbsp;<strong>4<\/strong>&nbsp;Finali Nazionale&nbsp;<strong>Juniores\/Under 20<\/strong>&nbsp;(1995, 2000, 2004, 2017)<br>\u2013&nbsp;<strong>3<\/strong>&nbsp;Finali Nazionali&nbsp;<strong>Under 19<\/strong>&nbsp;(2009, 2010, 2013)<br>\u2013&nbsp;<strong>2<\/strong>&nbsp;Finali Nazionale&nbsp;<strong>Cadetti\/Under 18<\/strong>&nbsp;(1996, 2016)<br>\u2013<strong>&nbsp;4<\/strong>&nbsp;Finali Nazionali&nbsp;<strong>Under 17<\/strong>&nbsp;(2008, 2011, 2014, 2015)<br>\u2013&nbsp;<strong>5<\/strong>&nbsp;Finali Nazionali&nbsp;<strong>Allievi\/Under 16<\/strong>&nbsp;(1996, 2005, 2006, 2007, 2016)<br>\u2013&nbsp;<strong>7<\/strong>&nbsp;Finali Nazionali&nbsp;<strong>Under 15<\/strong>&nbsp;(2008, 2009, 2010, 2011, 2012, 2014, 2015)<br>\u2013&nbsp;<strong>1<\/strong>&nbsp;Finale Nazionale&nbsp;<strong>Under 14<\/strong>&nbsp;(2019)<\/p>\n","protected":false},"excerpt":{"rendered":"<p>Dalla nascita ai nostri giorni U.S. Pallacanestro Aurora Desio \u201994&nbsp;nasce il 29 Giugno 1994, pochi giorni dopo la scomparsa della<\/p>\n","protected":false},"author":1,"featured_media":0,"parent":0,"menu_order":0,"comment_status":"closed","ping_status":"closed","template":"","meta":{"colormag_page_container_layout":"default_layout","colormag_page_sidebar_layout":"default_layout","footnotes":""},"class_list":["post-975","page","type-page","status-publish","hentry"],"_links":{"self":[{"href":"https:\/\/auroradesio.it\/index.php?rest_route=\/wp\/v2\/pages\/975","targetHints":{"allow":["GET"]}}],"collection":[{"href":"https:\/\/auroradesio.it\/index.php?rest_route=\/wp\/v2\/pages"}],"about":[{"href":"https:\/\/auroradesio.it\/index.php?rest_route=\/wp\/v2\/types\/page"}],"author":[{"embeddable":true,"href":"https:\/\/auroradesio.it\/index.php?rest_route=\/wp\/v2\/users\/1"}],"replies":[{"embeddable":true,"href":"https:\/\/auroradesio.it\/index.php?rest_route=%2Fwp%2Fv2%2Fcomments&post=975"}],"version-history":[{"count":3,"href":"https:\/\/auroradesio.it\/index.php?rest_route=\/wp\/v2\/pages\/975\/revisions"}],"predecessor-version":[{"id":2384,"href":"https:\/\/auroradesio.it\/index.php?rest_route=\/wp\/v2\/pages\/975\/revisions\/2384"}],"wp:attachment":[{"href":"https:\/\/auroradesio.it\/index.php?rest_route=%2Fwp%2Fv2%2Fmedia&parent=975"}],"curies":[{"name":"wp","href":"https:\/\/api.w.org\/{rel}","templated":true}]}}