{"id":894,"date":"2022-12-07T17:17:41","date_gmt":"2022-12-07T17:17:41","guid":{"rendered":"https:\/\/auroradesio.it\/?page_id=894"},"modified":"2022-12-07T17:20:21","modified_gmt":"2022-12-07T17:20:21","slug":"minibasket","status":"publish","type":"page","link":"https:\/\/auroradesio.it\/?page_id=894","title":{"rendered":"MINIBASKET"},"content":{"rendered":"\n<figure class=\"wp-block-image size-large is-resized\"><img loading=\"lazy\" decoding=\"async\" src=\"https:\/\/auroradesio.it\/wp-content\/uploads\/2022\/12\/leo3.6-MINIBASKET-1024x712.png\" alt=\"\" class=\"wp-image-895\" width=\"399\" height=\"277\" srcset=\"https:\/\/auroradesio.it\/wp-content\/uploads\/2022\/12\/leo3.6-MINIBASKET-1024x712.png 1024w, https:\/\/auroradesio.it\/wp-content\/uploads\/2022\/12\/leo3.6-MINIBASKET-300x209.png 300w, https:\/\/auroradesio.it\/wp-content\/uploads\/2022\/12\/leo3.6-MINIBASKET-768x534.png 768w, https:\/\/auroradesio.it\/wp-content\/uploads\/2022\/12\/leo3.6-MINIBASKET-1536x1068.png 1536w, https:\/\/auroradesio.it\/wp-content\/uploads\/2022\/12\/leo3.6-MINIBASKET-2048x1424.png 2048w, https:\/\/auroradesio.it\/wp-content\/uploads\/2022\/12\/leo3.6-MINIBASKET-392x272.png 392w, https:\/\/auroradesio.it\/wp-content\/uploads\/2022\/12\/leo3.6-MINIBASKET-130x90.png 130w\" sizes=\"auto, (max-width: 399px) 100vw, 399px\" \/><\/figure>\n\n\n\n<p>Dalla nascita dell&#8217;Aurora Desio l&#8217;attivit\u00e0 legata al Minibasket \u00e8 sempre stata di primaria importanza in termini di investimenti e sviluppo e ricopre le fasce di et\u00e0, per bambini e bambine (progetto PINK),  che vanno dai 12 anni (Classe prima media) per poi passare alla fascia relativa alla Scuola primaria fino all&#8217;et\u00e0 prescolare (et\u00e0 della scuola materna  &#8211; cosiddetto microbasket).<\/p>\n\n\n\n<p>Uno staff preparato ai massimi livelli \u00e8 guidato da Marcello Sala e supportato da una serie di istruttori senior e junior che seguono le squadre dai piu&#8217; piccoli ai piu&#8217; grandi fornendo a tutti la possibilit\u00e0 di giocare e partecipare  a tornei e manifetazioni.<\/p>\n\n\n\n<p>Il progetto AuroraDesioMinibasket \u00e8 fondato sul principio dell&#8217;inclusione e dello sviluppo psico-fisico dei bambini modulando le diverse esigenze e avendo una visione individuale di ciascun mini cestista.<\/p>\n\n\n\n<p>Per maggiori informazioni: minibasket@auroradesio.it<\/p>\n\n\n\n<p><strong>CAMP  estivo<\/strong><\/p>\n\n\n\n<p>In estate l&#8217;attivit\u00e0 si completa con un DAY CAMP residenziale dove i bambini si ritrovano per una o piu&#8217; settimane svolgendo attivit\u00e0 di minibasket in palestar ed all&#8217;aperto per tutta la giornata fino al pomeriggio partecipando a giochi, gare e tornei e ricevendo anche un supporto per compiti ed altre attivit\u00e0.<\/p>\n","protected":false},"excerpt":{"rendered":"<p>Dalla nascita dell&#8217;Aurora Desio l&#8217;attivit\u00e0 legata al Minibasket \u00e8 sempre stata di primaria importanza in termini di investimenti e sviluppo<\/p>\n","protected":false},"author":1,"featured_media":0,"parent":0,"menu_order":0,"comment_status":"closed","ping_status":"closed","template":"","meta":{"colormag_page_container_layout":"default_layout","colormag_page_sidebar_layout":"default_layout","footnotes":""},"class_list":["post-894","page","type-page","status-publish","hentry"],"_links":{"self":[{"href":"https:\/\/auroradesio.it\/index.php?rest_route=\/wp\/v2\/pages\/894","targetHints":{"allow":["GET"]}}],"collection":[{"href":"https:\/\/auroradesio.it\/index.php?rest_route=\/wp\/v2\/pages"}],"about":[{"href":"https:\/\/auroradesio.it\/index.php?rest_route=\/wp\/v2\/types\/page"}],"author":[{"embeddable":true,"href":"https:\/\/auroradesio.it\/index.php?rest_route=\/wp\/v2\/users\/1"}],"replies":[{"embeddable":true,"href":"https:\/\/auroradesio.it\/index.php?rest_route=%2Fwp%2Fv2%2Fcomments&post=894"}],"version-history":[{"count":2,"href":"https:\/\/auroradesio.it\/index.php?rest_route=\/wp\/v2\/pages\/894\/revisions"}],"predecessor-version":[{"id":902,"href":"https:\/\/auroradesio.it\/index.php?rest_route=\/wp\/v2\/pages\/894\/revisions\/902"}],"wp:attachment":[{"href":"https:\/\/auroradesio.it\/index.php?rest_route=%2Fwp%2Fv2%2Fmedia&parent=894"}],"curies":[{"name":"wp","href":"https:\/\/api.w.org\/{rel}","templated":true}]}}