{"id":3198,"date":"2024-02-11T00:46:59","date_gmt":"2024-02-11T00:46:59","guid":{"rendered":"https:\/\/auroradesio.it\/?page_id=3198"},"modified":"2024-02-19T21:32:10","modified_gmt":"2024-02-19T21:32:10","slug":"aurora-cup-2024-pink","status":"publish","type":"page","link":"https:\/\/auroradesio.it\/?page_id=3198","title":{"rendered":"Aurora Cup 2024-PINK"},"content":{"rendered":"\n<p>Il torneo \u00e8 rivolto alla categoria <strong>U13 Femminile<\/strong><br>Si svolger\u00e0 a Desio nella giornata di sabato<strong> 24 febbraio 2024<\/strong> al Pala Moretto in via San Pietro a Desio.<br>E\u2019 un <strong>torneo amichevole<\/strong>: si raccomanda a tutti i partecipanti un comportamento <strong>corretto e rispettoso <\/strong>nei confronti dell\u2019organizzazione, degli avversari e degli arbitri.<\/p>\n\n\n\n<p>REGOLAMENTO:<\/p>\n\n\n\n<p>Tutte le squadre si affronteranno in delle partite a tutto campo da 4 quarti da 10 minuti con la regola &#8220;no stop&#8221; del cronometro ad eccezione dell&#8217;ultimo minuto di ogni quarto dove verr\u00e0 regolarmente fermato. Non ci sar\u00e0 ne il bonus dei falli di squadra ne tempi supplementari.<br>Per ogni partita del torneo <strong>non c&#8217;\u00e8 un limite al numero di giocatrici<\/strong> che potranno andare a referto ma chiunque viene inserito <strong>DEVE <\/strong>entrare in campo.<br>Sono consentiti prestiti dalle altre societ\u00e0 ma <strong>sono vietate<\/strong> le FUORI QUOTA.<\/p>\n\n\n\n<p>Per ogni partita vinta si prenderanno 3 punti, 2 per il pareggio e 1 per la sconfitta.<br><br>IMPORTANTE: Per perseguire gli obbiettivi ideologici societari, tra i quali l&#8217;avere una impatto ecologico il pi\u00f9 possibile prossimo al carbon free, Aurora mette a disposizione delle giocatrici degli erogatori di acqua in tutto l&#8217;impianto. (Refrigerata, temperatura ambiente, liscia, frizzante ecc) Si chiede alle partecipanti di portare una propria borraccia personale. <\/p>\n\n\n\n<p>La giornata si conclude con le premiazioni seguite da foto e merenda.<br><\/p>\n\n\n\n<div style=\"height:100px\" aria-hidden=\"true\" class=\"wp-block-spacer\"><\/div>\n\n\n\n<h3 class=\"wp-block-heading\">SQUADRE PARTECIPANTI<\/h3>\n\n\n\n<p class=\"has-text-align-center\"><strong>US PALLACANESTRO AURORA DESIO<\/strong><\/p>\n\n\n\n<figure class=\"wp-block-image aligncenter size-large\"><img loading=\"lazy\" decoding=\"async\" width=\"1024\" height=\"768\" src=\"https:\/\/auroradesio.it\/wp-content\/uploads\/2024\/02\/WhatsApp-Image-2024-02-19-at-20.13.15-1024x768.jpeg\" alt=\"\" class=\"wp-image-3281\" srcset=\"https:\/\/auroradesio.it\/wp-content\/uploads\/2024\/02\/WhatsApp-Image-2024-02-19-at-20.13.15-1024x768.jpeg 1024w, https:\/\/auroradesio.it\/wp-content\/uploads\/2024\/02\/WhatsApp-Image-2024-02-19-at-20.13.15-300x225.jpeg 300w, https:\/\/auroradesio.it\/wp-content\/uploads\/2024\/02\/WhatsApp-Image-2024-02-19-at-20.13.15-768x576.jpeg 768w, https:\/\/auroradesio.it\/wp-content\/uploads\/2024\/02\/WhatsApp-Image-2024-02-19-at-20.13.15-1536x1152.jpeg 1536w, https:\/\/auroradesio.it\/wp-content\/uploads\/2024\/02\/WhatsApp-Image-2024-02-19-at-20.13.15.jpeg 1600w\" sizes=\"auto, (max-width: 1024px) 100vw, 1024px\" \/><\/figure>\n\n\n\n<p class=\"has-text-align-center\"><strong>C.S. LINEA VERDE OSPITALETTO 1981<\/strong><\/p>\n\n\n\n<figure class=\"wp-block-image aligncenter size-large\"><img loading=\"lazy\" decoding=\"async\" width=\"1024\" height=\"554\" src=\"https:\/\/auroradesio.it\/wp-content\/uploads\/2024\/02\/WhatsApp-Image-2024-02-19-at-20.14.06-1024x554.jpeg\" alt=\"\" class=\"wp-image-3284\" srcset=\"https:\/\/auroradesio.it\/wp-content\/uploads\/2024\/02\/WhatsApp-Image-2024-02-19-at-20.14.06-1024x554.jpeg 1024w, https:\/\/auroradesio.it\/wp-content\/uploads\/2024\/02\/WhatsApp-Image-2024-02-19-at-20.14.06-300x162.jpeg 300w, https:\/\/auroradesio.it\/wp-content\/uploads\/2024\/02\/WhatsApp-Image-2024-02-19-at-20.14.06-768x416.jpeg 768w, https:\/\/auroradesio.it\/wp-content\/uploads\/2024\/02\/WhatsApp-Image-2024-02-19-at-20.14.06-1536x831.jpeg 1536w, https:\/\/auroradesio.it\/wp-content\/uploads\/2024\/02\/WhatsApp-Image-2024-02-19-at-20.14.06.jpeg 1600w\" sizes=\"auto, (max-width: 1024px) 100vw, 1024px\" \/><\/figure>\n\n\n\n<p class=\"has-text-align-center\"><strong>PRO PATRIA BUSTO ARSIZIO<\/strong><\/p>\n\n\n\n<figure class=\"wp-block-image aligncenter size-large\"><img loading=\"lazy\" decoding=\"async\" width=\"1024\" height=\"768\" src=\"https:\/\/auroradesio.it\/wp-content\/uploads\/2024\/02\/WhatsApp-Image-2024-02-19-at-20.13.05-1024x768.jpeg\" alt=\"\" class=\"wp-image-3288\" srcset=\"https:\/\/auroradesio.it\/wp-content\/uploads\/2024\/02\/WhatsApp-Image-2024-02-19-at-20.13.05-1024x768.jpeg 1024w, https:\/\/auroradesio.it\/wp-content\/uploads\/2024\/02\/WhatsApp-Image-2024-02-19-at-20.13.05-300x225.jpeg 300w, https:\/\/auroradesio.it\/wp-content\/uploads\/2024\/02\/WhatsApp-Image-2024-02-19-at-20.13.05-768x576.jpeg 768w, https:\/\/auroradesio.it\/wp-content\/uploads\/2024\/02\/WhatsApp-Image-2024-02-19-at-20.13.05-1536x1152.jpeg 1536w, https:\/\/auroradesio.it\/wp-content\/uploads\/2024\/02\/WhatsApp-Image-2024-02-19-at-20.13.05.jpeg 1600w\" sizes=\"auto, (max-width: 1024px) 100vw, 1024px\" \/><\/figure>\n\n\n\n<p class=\"has-text-align-center\"><strong>PALLACANESTRO DAVERIO RAMS 1983<\/strong><\/p>\n\n\n\n<figure class=\"wp-block-image aligncenter size-large\"><img loading=\"lazy\" decoding=\"async\" width=\"1024\" height=\"684\" src=\"https:\/\/auroradesio.it\/wp-content\/uploads\/2024\/02\/WhatsApp-Image-2024-02-19-at-20.33.51-1024x684.jpeg\" alt=\"\" class=\"wp-image-3291\" srcset=\"https:\/\/auroradesio.it\/wp-content\/uploads\/2024\/02\/WhatsApp-Image-2024-02-19-at-20.33.51-1024x684.jpeg 1024w, https:\/\/auroradesio.it\/wp-content\/uploads\/2024\/02\/WhatsApp-Image-2024-02-19-at-20.33.51-300x200.jpeg 300w, https:\/\/auroradesio.it\/wp-content\/uploads\/2024\/02\/WhatsApp-Image-2024-02-19-at-20.33.51-768x513.jpeg 768w, https:\/\/auroradesio.it\/wp-content\/uploads\/2024\/02\/WhatsApp-Image-2024-02-19-at-20.33.51-1536x1025.jpeg 1536w, https:\/\/auroradesio.it\/wp-content\/uploads\/2024\/02\/WhatsApp-Image-2024-02-19-at-20.33.51.jpeg 1600w\" sizes=\"auto, (max-width: 1024px) 100vw, 1024px\" \/><\/figure>\n\n\n\n<div style=\"height:100px\" aria-hidden=\"true\" class=\"wp-block-spacer\"><\/div>\n\n\n\n<h2 class=\"wp-block-heading\">ORARI PARTITE &amp; RISULTATO<\/h2>\n\n\n\n<figure class=\"wp-block-table\"><table><tbody><tr><td>ORA INIZIO<\/td><td>CASA<\/td><td>OSPITE<\/td><td>RISULTATO<\/td><\/tr><tr><td>9:00<\/td><td>US PALLACANESTRO AURORA DESIO<\/td><td>C.S. LINEA VERDE OSPITALETTO 1981<\/td><td><\/td><\/tr><tr><td>10:15<\/td><td>PALLACANESTRO DAVERIO RAMS 1983<\/td><td>PRO PATRIA BUSTO ARSIZIO<\/td><td><\/td><\/tr><tr><td>11.45<\/td><td>C.S. LINEA VERDE OSPITALETTO 1981<\/td><td>PALLACANESTRO DAVERIO RAMS 1983<\/td><td><\/td><\/tr><tr><td>13:00<\/td><td>US PALLACANESTRO AURORA DESIO<\/td><td>PRO PATRIA BUSTO ARSIZIO<\/td><td><\/td><\/tr><tr><td>14:15<\/td><td>C.S. LINEA VERDE OSPITALETTO 1981<\/td><td>PRO PATRIA BUSTO ARSIZIO<\/td><td><\/td><\/tr><tr><td>15:30<\/td><td>US PALLACANESTRO AURORA DESIO<\/td><td>PALLACANESTRO DAVERIO RAMS 1983<\/td><td><\/td><\/tr><\/tbody><\/table><\/figure>\n\n\n\n<h2 class=\"wp-block-heading\">CLASSIFICA PROVVISORIA<\/h2>\n\n\n\n<figure class=\"wp-block-table\"><table><tbody><tr><td>POSIZIONE<\/td><td>SQUADRA<\/td><td>PUNTEGGIO<\/td><\/tr><tr><td>1\u00b0<\/td><td>US PALLACANESTRO AURORA DESIO<\/td><td>0 punti<\/td><\/tr><tr><td>2\u00b0<\/td><td>C.S. LINEA VERDE OSPITALETTO 1981<\/td><td>0 punti<\/td><\/tr><tr><td>3\u00b0<\/td><td>PRO PATRIA BUSTO ARSIZIO<\/td><td>0 punti<\/td><\/tr><tr><td>4\u00b0<\/td><td>PALLACANESTRO DAVERIO RAMS 1983<\/td><td>0 punti<\/td><\/tr><\/tbody><\/table><\/figure>\n\n\n\n<div style=\"height:100px\" aria-hidden=\"true\" class=\"wp-block-spacer\"><\/div>\n\n\n\n<h2 class=\"wp-block-heading\">informazioni di servizio<\/h2>\n\n\n\n<p>Ore 12:00 pranzo per le squadre US PALLACANESTRO AURORA DESIO e PRO PATRIA BUSTO ARSIZIO<br>Ore 13:00 pranzo per le squadre PALLACANESTRO DAVERIO RAMS 1983 e C.S. LINEA VERDE OSPITALETTO 1981<\/p>\n","protected":false},"excerpt":{"rendered":"<p>Il torneo \u00e8 rivolto alla categoria U13 FemminileSi svolger\u00e0 a Desio nella giornata di sabato 24 febbraio 2024 al Pala<\/p>\n","protected":false},"author":1,"featured_media":0,"parent":0,"menu_order":0,"comment_status":"closed","ping_status":"closed","template":"","meta":{"colormag_page_container_layout":"default_layout","colormag_page_sidebar_layout":"default_layout","footnotes":""},"class_list":["post-3198","page","type-page","status-publish","hentry"],"_links":{"self":[{"href":"https:\/\/auroradesio.it\/index.php?rest_route=\/wp\/v2\/pages\/3198","targetHints":{"allow":["GET"]}}],"collection":[{"href":"https:\/\/auroradesio.it\/index.php?rest_route=\/wp\/v2\/pages"}],"about":[{"href":"https:\/\/auroradesio.it\/index.php?rest_route=\/wp\/v2\/types\/page"}],"author":[{"embeddable":true,"href":"https:\/\/auroradesio.it\/index.php?rest_route=\/wp\/v2\/users\/1"}],"replies":[{"embeddable":true,"href":"https:\/\/auroradesio.it\/index.php?rest_route=%2Fwp%2Fv2%2Fcomments&post=3198"}],"version-history":[{"count":15,"href":"https:\/\/auroradesio.it\/index.php?rest_route=\/wp\/v2\/pages\/3198\/revisions"}],"predecessor-version":[{"id":3304,"href":"https:\/\/auroradesio.it\/index.php?rest_route=\/wp\/v2\/pages\/3198\/revisions\/3304"}],"wp:attachment":[{"href":"https:\/\/auroradesio.it\/index.php?rest_route=%2Fwp%2Fv2%2Fmedia&parent=3198"}],"curies":[{"name":"wp","href":"https:\/\/api.w.org\/{rel}","templated":true}]}}